{"id":51,"date":"2020-09-03T21:38:01","date_gmt":"2020-09-03T19:38:01","guid":{"rendered":"http:\/\/www.profilaktyka-pluc.pl\/?page_id=51"},"modified":"2020-10-08T16:14:10","modified_gmt":"2020-10-08T14:14:10","slug":"wykaz-placowek-poradnictwa-antynikotynowego","status":"publish","type":"page","link":"http:\/\/www.profilaktyka-pluca.pl\/?page_id=51","title":{"rendered":"Wykaz plac\u00f3wek poradnictwa antynikotynowego"},"content":{"rendered":"\n<p class=\"has-text-align-center has-huge-font-size\">Wykaz plac\u00f3wek poradnictwa antynikotynowego znajduje si\u0119 w linku poni\u017cej<br><\/p>\n\n\n\n<p><strong>W nowo otwartej stronie prosz\u0119 wybra\u0107 odpowiednio:<\/strong><\/p>\n\n\n\n<p class=\"has-medium-font-size\">Nazwa programu: <strong>Profilaktyka chor\u00f3b odtytoniowych<\/strong><br>Wojew\u00f3dztwo: <strong>KUJAWSKO-POMORSKIE<\/strong><\/p>\n\n\n\n<p class=\"has-text-align-center has-huge-font-size\"><br><a rel=\"noreferrer noopener\" href=\"https:\/\/zip.nfz.gov.pl\/GSL\/GSL\/ProgramyProfilaktyczne\" target=\"_blank\" style=\"text-decoration: underline;\">Wykaz plac\u00f3wek poradnictwa antynikotynowego<\/a><\/p>\n\n\n\n<p><\/p>\n\n\n\n<p><\/p>\n\n\n\n<p><\/p>\n\n\n\n<p><\/p>\n\n\n\n<p class=\"has-text-align-center has-huge-font-size\"><br><strong>Rzu\u0107 palenie ze specjalist\u0105: <\/strong><a rel=\"noreferrer noopener\" href=\"http:\/\/jakrzucicpalenie.pl\/\" target=\"_blank\"><span style=\"text-decoration: underline\" class=\"underline\">http:\/\/jakrzucicpalenie.pl\/<\/span><\/a><\/p>\n","protected":false},"excerpt":{"rendered":"<p>Wykaz plac\u00f3wek poradnictwa antynikotynowego znajduje si\u0119 w linku poni\u017cej W nowo otwartej stronie prosz\u0119 wybra\u0107 odpowiednio: Nazwa programu: Profilaktyka chor\u00f3b odtytoniowychWojew\u00f3dztwo: KUJAWSKO-POMORSKIE [&hellip;]<\/p>\n","protected":false},"author":1,"featured_media":0,"parent":0,"menu_order":0,"comment_status":"closed","ping_status":"closed","template":"","meta":[],"_links":{"self":[{"href":"http:\/\/www.profilaktyka-pluca.pl\/index.php?rest_route=\/wp\/v2\/pages\/51"}],"collection":[{"href":"http:\/\/www.profilaktyka-pluca.pl\/index.php?rest_route=\/wp\/v2\/pages"}],"about":[{"href":"http:\/\/www.profilaktyka-pluca.pl\/index.php?rest_route=\/wp\/v2\/types\/page"}],"author":[{"embeddable":true,"href":"http:\/\/www.profilaktyka-pluca.pl\/index.php?rest_route=\/wp\/v2\/users\/1"}],"replies":[{"embeddable":true,"href":"http:\/\/www.profilaktyka-pluca.pl\/index.php?rest_route=%2Fwp%2Fv2%2Fcomments&post=51"}],"version-history":[{"count":14,"href":"http:\/\/www.profilaktyka-pluca.pl\/index.php?rest_route=\/wp\/v2\/pages\/51\/revisions"}],"predecessor-version":[{"id":181,"href":"http:\/\/www.profilaktyka-pluca.pl\/index.php?rest_route=\/wp\/v2\/pages\/51\/revisions\/181"}],"wp:attachment":[{"href":"http:\/\/www.profilaktyka-pluca.pl\/index.php?rest_route=%2Fwp%2Fv2%2Fmedia&parent=51"}],"curies":[{"name":"wp","href":"https:\/\/api.w.org\/{rel}","templated":true}]}}