{"id":49,"date":"2020-09-03T21:37:32","date_gmt":"2020-09-03T19:37:32","guid":{"rendered":"http:\/\/www.profilaktyka-pluc.pl\/?page_id=49"},"modified":"2022-06-13T08:07:53","modified_gmt":"2022-06-13T06:07:53","slug":"regulamin-udzialu-w-programie","status":"publish","type":"page","link":"http:\/\/www.profilaktyka-pluca.pl\/?page_id=49","title":{"rendered":"Regulamin udzia\u0142u w programie"},"content":{"rendered":"<blockquote class=\"wp-block-quote is-style-default\">\n<p style=\"text-align: center; text-decoration: underline; margin-bottom: 0em;\"><a href=\"http:\/\/www.profilaktyka-pluca.pl\/wp-content\/uploads\/2020\/10\/REGULAMIN-REKRUTACJI-I-UCZESTNICTWA.pdf\">REGULAMIN REKRUTACJI I UCZESTNICTWA (plik pdf)<\/a><\/p>\n<\/blockquote>\n<p class=\"has-normal-font-size\" style=\"text-align: center;\">REGULAMIN REKRUTACJI I UCZESTNICTWA<\/p>\n<p class=\"has-normal-font-size\" style=\"text-align: center;\">w Projekcie<\/p>\n<p class=\"has-normal-font-size\" style=\"text-align: center;\">pn. <b>\u201eProgram profilaktyki, wczesnego wykrywania i zapobiegania raka p\u0142uca dla mieszka\u0144c\u00f3w wojew\u00f3dztwa Kujawsko-Pomorskiego\u201d<\/b><\/p>\n<ol class=\"pi_ol\" style=\"list-style-type: upper-roman; font-weight: bold;\">\n<li><span class=\"pi_main\">Definicje<\/span>\n<ol class=\"pi_ol\" style=\"font-weight: bold;\">\n<li><span style=\"font-weight: normal;\"><b>Projekt<\/b> \u2013 Projekt \u201eProgram profilaktyki, wczesnego wykrywania i zapobiegania raka p\u0142uca dla mieszka\u0144c\u00f3w wojew\u00f3dztwa Kujawsko-Pomorskiego\u201d realizowany w ramach Regionalnego Programu Operacyjnego Wojew\u00f3dztwa Kujawsko-Pomorskiego na lata 2014-2020 w zakresie Europejskiego Funduszu Spo\u0142ecznego &#8211; numer umowy RPKP.08.06.02-04-0001\/20<\/span><\/li>\n<li><span style=\"font-weight: normal;\"><b>Beneficjent:<\/b><br \/>\nCentrum Onkologii im. prof. F. \u0141ukaszczyka w Bydgoszczy<\/span><\/li>\n<li><span style=\"font-weight: normal;\"><b>Uczestnicy Projektu:<\/b><br \/>\nUczestnik\u00f3w programu tworzy\u0107 b\u0119d\u0105 dwie grupy docelowe. Pierwsz\u0105 s\u0105 osoby z grupy podwy\u017cszonego ryzyka zachorowania na raka p\u0142uca, kt\u00f3re zostan\u0105 obj\u0119te Niskodawkow\u0105 Tomografi\u0119 Komputerow\u0105 Klatki Piersiowej (NDTKKP). Drug\u0105 tworzy personel medyczny, kt\u00f3ry poprzez szkolenia podniesie kwalifikacje w kierunku rozpoznawalno\u015bci raka p\u0142uca.<\/span><\/li>\n<li><span style=\"font-weight: normal;\"><b>Biura Projektu:<\/b><\/span>\n<ul style=\"list-style-type: disc;\">\n<li><span style=\"font-weight: normal;\">Centrum Onkologii im. prof. F. \u0141ukaszczyka,<br \/>\nul. Romanowskiej 2,<br \/>\n85-796 Bydgoszcz,<br \/>\ntel. 52 374-39-20;<\/span><\/li>\n<li><span style=\"font-weight: normal;\">Centrum Diagnostyczno\u2013Lecznicze we W\u0142oc\u0142awku,<br \/>\nul. Kr\u00f3lewiecka 2A,<br \/>\n87-800 W\u0142oc\u0142awek,<br \/>\ntel. 54 230-13-46,<br \/>\ntel. 52 374-36-46;<\/span><\/li>\n<\/ul>\n<\/li>\n<li><span style=\"font-weight: normal;\"><b>Miejsca wykonywania bada\u0144:<\/b><\/span>\n<ul style=\"font-size: 1.2 em;\">\n<li><span style=\"font-weight: normal;\">Centrum Onkologii im. prof. F. \u0141ukaszczyka,<br \/>\nul. Romanowskiej 2,<br \/>\n85-796 Bydgoszcz;<\/span><\/li>\n<li><span style=\"font-weight: normal;\">Centrum Diagnostyczno\u2013Lecznicze we W\u0142oc\u0142awku,<br \/>\nul. Kr\u00f3lewiecka 2A,<br \/>\n87-800 W\u0142oc\u0142awek;<\/span><\/li>\n<\/ul>\n<\/li>\n<\/ol>\n<\/li>\n<li>Informacje og\u00f3lne\n<ol class=\"pi_ol pi_normal\">\n<li>Niniejszy regulamin okre\u015bla proces rekrutacji Uczestnik\u00f3w i Uczestniczek Projektu oraz zasady ich udzia\u0142u w Projekcie.<\/li>\n<li>Okres realizacji Projektu \u2013 od 01.07.2020 r. do 31-12-2023 r.<\/li>\n<li>Udzia\u0142 w Projekcie jest bezp\u0142atny.<\/li>\n<li>Celem Projektu jest zwi\u0119kszenie \u015bwiadomo\u015bci spo\u0142ecze\u0144stwa jak wa\u017cne jest zapobieganie i wczesne wykrywanie chor\u00f3b nowotworowych, przeprowadzenie bada\u0144 profilaktycznych NDTKKP, oraz edukacja pracownik\u00f3w instytucji ochrony zdrowia zakresie edukacji podnosz\u0105cej kwalifikacje w kierunku rozpoznawalno\u015bci raka p\u0142uca.<\/li>\n<li>W ramach Projektu wykonanych zostanie 10 000 bada\u0144 NDTKKP dla 4 000 os\u00f3b, oraz przeprowadzone zostan\u0105 szkolenia dla 120 pracownik\u00f3w instytucji ochrony zdrowia.<\/li>\n<li>Projekt realizowany jest w systemie oportunistycznym.<\/li>\n<li>Dane osobowe pozyskane w procesie rekrutacji przetwarzane b\u0119d\u0105 wy\u0142\u0105cznie w celu realizacji Projektu, w szczeg\u00f3lno\u015bci w celu potwierdzenia kwalifikowalno\u015bci wydatk\u00f3w, udzielenia wsparcia, monitoringu, ewaluacji i kontroli, audytu i sprawozdawczo\u015bci oraz dzia\u0142a\u0144 informacyjno-promocyjnych. Podstaw\u0119 prawn\u0105 przetwarzania Uczestnika Projektu danych osobowych stanowi art. 6 ust. 1 lit. a i e, oraz art. 9 ust. 2 lit. g Rozporz\u0105dzenia Parlamentu Europejskiego i Rady (UE) 2016\/679 z dnia 27 kwietnia 2016 r. w sprawie ochrony os\u00f3b fizycznych w zwi\u0105zku z przetwarzaniem danych osobowych i w sprawie swobodnego przep\u0142ywu takich danych oraz uchylenia dyrektywy 95\/46\/WE (og\u00f3lne rozporz\u0105dzenie o ochronie danych osobowych) (Dz. Urz. UE L 119 z 04.05.2016 r., str. 1), zwanego \u201eRODO&#8221;.<\/li>\n<li>Realizacja Projektu odbywa si\u0119 na podstawie umowy o dofinansowanie nr RPKP.08.06.02-04-0001\/20 z dnia 19 czerwca 2020 r.<\/li>\n<\/ol>\n<\/li>\n<li>Rekrutacja\n<ol class=\"pi_ol pi_normal\">\n<li>Mieszka\u0144cy wojew\u00f3dztwa kujawsko-pomorskiego informowani s\u0105 o mo\u017cliwo\u015bci wykonywania bada\u0144 poprzez m.in.:\n<ul class=\"pi_ul pi_normal\">\n<li>emisja spot\u00f3w w lokalnych rozg\u0142o\u015bniach radiowych;<\/li>\n<li>artyku\u0142y prasowe umieszczane w lokalnej prasie;<\/li>\n<li>informacje telewizyjne, oraz programy telewizyjne w regionalnym oddziale TVP;<\/li>\n<li>osobiste kontakty z przedstawicielami s\u0142u\u017cby zdrowia;<\/li>\n<li>plakaty i ulotki dystrybu\u0142owane na terenie wojew\u00f3dztwa przy okazji imprez otwartych,<\/li>\n<li>dystrybucj\u0119 ulotek przy okazji wysy\u0142ki zaprosze\u0144 na badania mammograficzne do Centrum Onkologii oraz do mammobusu,<\/li>\n<li>pracownik\u00f3w instytucji pozarz\u0105dowych, samorz\u0105dowych, O\u015brodk\u00f3w Pomocy Spo\u0142ecznej, firm, sklep\u00f3w itp., itd.<\/li>\n<li>rekomendacje pacjent\u00f3w, kt\u00f3rzy skorzystali z Projektu;<\/li>\n<li>informacje zamieszczane w Internecie<\/li>\n<li>podczas wizyt u lekarza POZ.<\/li>\n<\/ul>\n<\/li>\n<\/ol>\n<\/li>\n<li>Wsp\u00f3\u0142praca z POZ, AOS.\n<ol class=\"pi_ol pi_normal\">\n<li>Plac\u00f3wki s\u0142u\u017cby zdrowia wojew\u00f3dztwa kujawsko-pomorskiego informowane s\u0105 o mo\u017cliwo\u015bci wykonywania bada\u0144 dzi\u0119ki m.in.:\n<ul class=\"pi_ul pi_normal\">\n<li>korespondencji tradycyjnej i elektronicznej;<\/li>\n<li>przekazywanym materia\u0142om informacyjnym (ulotkom, plakatom, broszurom);<\/li>\n<li>informacjom przekazywanym podczas zorganizowanych imprez.<\/li>\n<\/ul>\n<\/li>\n<\/ol>\n<\/li>\n<li>Kryteria kwalifikacji do Programu.\n<ul class=\"pi_normal\">\n<li style=\"list-style-type: none;\">\n<ul class=\"pi_normal\">Projekt kierowany jest do os\u00f3b:<\/ul>\n<\/li>\n<\/ul>\n<ul class=\"pi_normal\">\n<li><strong>mieszka\u0144c\u00f3w wojew\u00f3dztwa kujawsko-pomorskiego;<\/strong><\/li>\n<li><strong>pracuj\u0105cych lub pozostaj\u0105cych bez zatrudnienia, ale poszukuj\u0105cych pracy i zainteresowanych jej podj\u0119ciem.<\/strong><\/li>\n<\/ul>\n<ol class=\"pi_ol pi_normal\">\n<li>W badaniach NDTKKP mog\u0105 uczestniczy\u0107 osoby spe\u0142niaj\u0105ce nast\u0119puj\u0105ce warunki:\n<ul class=\"pi_ul pi_normal\">\n<li><strong>osoby z konsumpcj\u0105 tytoniu wi\u0119ksz\u0105 lub r\u00f3wn\u0105 20 <a href=\"http:\/\/www.profilaktyka-pluca.pl\/?page_id=333&amp;preview=true\">paczkolat<\/a>,<\/strong><\/li>\n<li><strong>z okresem abstynencji tytoniowej nie d\u0142u\u017cszym ni\u017c 15 lat,<\/strong><\/li>\n<li><strong>osoby w wieku:<\/strong>\n<ul class=\"pi_ul pi_normal\" style=\"list-style-type: circle;\">\n<li><strong>55 do 74 lat.;<\/strong><\/li>\n<li><strong>lub od 50 lat do 74 lat z jednym z czynnik\u00f3w ryzyka<\/strong>:\n<ul class=\"pi_ul pi_normal\" style=\"list-style-type: square;\">\n<li>ekspozycja zawodowa na krzemionk\u0119, beryl, nikiel, chrom, kadm, azbest, zwi\u0105zki arsenu, spaliny silnik\u00f3w diesla, dym ze spalania w\u0119gla kamiennego, sadza; ekspozycja na radon;<\/li>\n<li>indywidualna historia zachorowania na raka: przebyty rak p\u0142uca, w wywiadzie ch\u0142oniak, rak g\u0142owy i szyi lub raki zale\u017cne od palenia tytoniu, np. rak p\u0119cherza moczowego;<\/li>\n<li>rak p\u0142uca w wywiadzie u krewnych pierwszego stopnia;<\/li>\n<li>historia chor\u00f3b p\u0142uc: przewlek\u0142a obturacyjna choroba p\u0142uc lub idiopatyczne w\u0142\u00f3knienie p\u0142uc.<\/li>\n<\/ul>\n<\/li>\n<\/ul>\n<\/li>\n<\/ul>\n<\/li>\n<li>W zakresie edukacji podnosz\u0105cej kwalifikacje w kierunku rozpoznawalno\u015bci raka p\u0142uca mog\u0105 uczestniczy\u0107 osoby spe\u0142niaj\u0105ce nast\u0119puj\u0105ce warunki\n<ul class=\"pi_ul pi_normal\">\n<li>lekarz specjalista w dziedzinie chor\u00f3b p\u0142uc wykonuj\u0105cy zaw\u00f3d;<\/li>\n<li>specjalista radiologii i diagnostyki obrazowej wykonuj\u0105cy zaw\u00f3d w wieku aktywno\u015bci zawodowej;<\/li>\n<li>lekarz POZ wykonuj\u0105cy zaw\u00f3d;<\/li>\n<li>piel\u0119gniarka wykonuj\u0105ca zaw\u00f3d.<\/li>\n<\/ul>\n<\/li>\n<\/ol>\n<\/li>\n<li>Dokumentacja pacjenta.\n<ol class=\"pi_ol pi_normal\">\n<li>Zg\u0142oszenie do Projektu wymaga z\u0142o\u017cenia nast\u0119puj\u0105cych dokument\u00f3w:\n<ul class=\"pi_ul pi_normal\">\n<li>Ankieta dla uczestnika Projektu lub Dane pracownika ochrony zdrowia \u2013 uczestnika projektu;<\/li>\n<li>O\u015bwiadczenie uczestnika Projektu (zgoda na przetwarzanie danych osobowych);<\/li>\n<li>Test wiedzy dotycz\u0105cy profilaktyki raka p\u0142uca;<\/li>\n<li>wy\u0142\u0105cznie dla badanych NDTKKP &#8211; Test motywuj\u0105cy do zaprzestania palenia wg Schneider, Test uzale\u017cnienia od tytoniu wg Fagerstroma.<\/li>\n<\/ul>\n<\/li>\n<li>Uczestnik Projektu mo\u017ce ubiega\u0107 si\u0119 o zwrot koszt\u00f3w dojazdu i opieki nad osob\u0105 niesamodzieln\u0105 poprzez z\u0142o\u017cenie stosownych dokument\u00f3w zgodnie z Zasadami przyznawania refundacji koszt\u00f3w:\n<ul class=\"pi_ul pi_normal\">\n<li>wniosek o zwrot koszt\u00f3w dojazdu;<\/li>\n<li>wniosek o zwrot koszt\u00f3w opieki nad osob\u0105 niesamodzieln\u0105.<\/li>\n<\/ul>\n<\/li>\n<li>Dokumenty rekrutacyjne, wnioski o zwrot koszt\u00f3w dojazdu i opieki nad osob\u0105 niesamodzieln\u0105 dost\u0119pne s\u0105 na stronie internetowej Beneficjenta \u2013 <a href=\"http:\/\/www.profilaktyka-pluca.pl\">www.profilaktyka-pluca.pl<\/a> oraz w Biurach Projektu.<\/li>\n<li>Rekrutacja b\u0119dzie prowadzona w spos\u00f3b ci\u0105g\u0142y do momentu zrekrutowania odpowiedniej liczby uczestnik\u00f3w.<\/li>\n<li class=\"pi_bold\">Przyst\u0105pienie do Projektu jest jednoznaczne z akceptacj\u0105 niniejszego Regulaminu.<\/li>\n<\/ol>\n<\/li>\n<li>Zakres wsparcia w ramach Projektu\n<ol class=\"pi_ol pi_normal\">\n<li>Projekt zak\u0142ada:\n<ul class=\"pi_ul pi_normal\">\n<li>przeprowadzenie wizyty kwalifikacyjnej, podczas kt\u00f3rej dokonana zostanie weryfikacja spe\u0142nienia warunk\u00f3w Projektu oraz przeprowadzona zostanie porada antynikotynowa i u\u015bwiadomienie jak wa\u017cne jest zapobieganie i wczesne wykrywanie chor\u00f3b nowotworowych;<\/li>\n<li>wykonanie badania NDTKKP;<\/li>\n<li>wizyta wynikowa podczas kt\u00f3rej lekarz specjalista chor\u00f3b p\u0142uc lub torakochirurgii om\u00f3wi wynik badania NDTKKP, oraz okre\u015bli \u015bcie\u017ck\u0119 dalszego post\u0119powania;<\/li>\n<li>przeprowadzenie kolejnych cykli bada\u0144 przesiewowych NDTKKP (follow up) \u2013 w zale\u017cno\u015bci od zalece\u0144 lekarza.<\/li>\n<li>przeprowadzenie szkole\u0144 dla personelu medycznego podnosz\u0105ce kwalifikacje w kierunku rozpoznawalno\u015bci raka p\u0142uca<\/li>\n<\/ul>\n<\/li>\n<li>Planuje si\u0119 wykonanie 10 000 bada\u0144 NDTKKP dla 4 000 os\u00f3b, spo\u015br\u00f3d 4 400 zg\u0142aszaj\u0105cych si\u0119 do Programu, zar\u00f3wno kobiet jak i m\u0119\u017cczyzn.<\/li>\n<li>Terminy i godziny bada\u0144 ustalane b\u0119d\u0105 indywidualnie w Biurach Projektu.<\/li>\n<li>Planuje si\u0119, \u017ce w warsztatach edukacyjno\u2013informacyjnych we\u017amie udzia\u0142 120 os\u00f3b, zar\u00f3wno kobiet jak i m\u0119\u017cczyzn.<\/li>\n<\/ol>\n<\/li>\n<li>Prawa i obowi\u0105zki Uczestnika Projektu\n<ol class=\"pi_ol pi_normal\">\n<li>Ka\u017cdy Uczestnik spe\u0142niaj\u0105cy kryteria ma prawo do:\n<ul class=\"pi_ul pi_normal\">\n<li>bezp\u0142atnego uczestnictwa w edukacji antynikotynowej;<\/li>\n<li>bezp\u0142atnego badania NDTKKP;<\/li>\n<li>uzyskania rzetelnej informacji o zasadach udzia\u0142u w Projekcie, przebiegu oraz wyniku badania;<\/li>\n<li>badania realizowanego zgodnie z obowi\u0105zuj\u0105cymi przepisami w zakresie ochrony zdrowia, w szczeg\u00f3lno\u015bci z regulacjami dotycz\u0105cymi praw pacjenta;<\/li>\n<li>rezygnacji z uczestnictwa w Programie w dowolnym momencie.<\/li>\n<\/ul>\n<\/li>\n<li>Ka\u017cdy Uczestnik ma obowi\u0105zek:\n<ul class=\"pi_ul pi_normal\">\n<li>z\u0142o\u017cenia dokument\u00f3w rekrutacyjnych;<\/li>\n<li>terminowego stawienia si\u0119 w wyznaczonym terminie na badanie;<\/li>\n<li>bie\u017c\u0105cego informowania o wszystkich zdarzeniach mog\u0105cych zak\u0142\u00f3ci\u0107 uczestnictwo w Projekcie.<\/li>\n<\/ul>\n<\/li>\n<\/ol>\n<\/li>\n<li>Postanowienia ko\u0144cowe\n<ol class=\"pi_ol pi_normal\">\n<li>Regulamin rekrutacji i uczestnictwa wchodzi w \u017cycie z dniem 01.10.2020 r.<\/li>\n<li>Beneficjent zastrzega sobie prawo do zmiany Regulaminu w sytuacji zmian dokument\u00f3w programowych przekazanych przez Instytucj\u0119 Zarz\u0105dzaj\u0105c\u0105.<\/li>\n<li>Wszelkie sprawy zwi\u0105zane z interpretacj\u0105 Regulaminu b\u0119d\u0105 rozstrzygane przez Beneficjenta.<\/li>\n<\/ol>\n<\/li>\n<\/ol>\n","protected":false},"excerpt":{"rendered":"<p>REGULAMIN REKRUTACJI I UCZESTNICTWA (plik pdf) REGULAMIN REKRUTACJI I UCZESTNICTWA w Projekcie pn. \u201eProgram profilaktyki, wczesnego wykrywania i zapobiegania raka p\u0142uca dla [&hellip;]<\/p>\n","protected":false},"author":1,"featured_media":0,"parent":201,"menu_order":0,"comment_status":"closed","ping_status":"closed","template":"","meta":[],"_links":{"self":[{"href":"http:\/\/www.profilaktyka-pluca.pl\/index.php?rest_route=\/wp\/v2\/pages\/49"}],"collection":[{"href":"http:\/\/www.profilaktyka-pluca.pl\/index.php?rest_route=\/wp\/v2\/pages"}],"about":[{"href":"http:\/\/www.profilaktyka-pluca.pl\/index.php?rest_route=\/wp\/v2\/types\/page"}],"author":[{"embeddable":true,"href":"http:\/\/www.profilaktyka-pluca.pl\/index.php?rest_route=\/wp\/v2\/users\/1"}],"replies":[{"embeddable":true,"href":"http:\/\/www.profilaktyka-pluca.pl\/index.php?rest_route=%2Fwp%2Fv2%2Fcomments&post=49"}],"version-history":[{"count":85,"href":"http:\/\/www.profilaktyka-pluca.pl\/index.php?rest_route=\/wp\/v2\/pages\/49\/revisions"}],"predecessor-version":[{"id":395,"href":"http:\/\/www.profilaktyka-pluca.pl\/index.php?rest_route=\/wp\/v2\/pages\/49\/revisions\/395"}],"up":[{"embeddable":true,"href":"http:\/\/www.profilaktyka-pluca.pl\/index.php?rest_route=\/wp\/v2\/pages\/201"}],"wp:attachment":[{"href":"http:\/\/www.profilaktyka-pluca.pl\/index.php?rest_route=%2Fwp%2Fv2%2Fmedia&parent=49"}],"curies":[{"name":"wp","href":"https:\/\/api.w.org\/{rel}","templated":true}]}}