{"id":207,"date":"2020-10-20T12:33:51","date_gmt":"2020-10-20T10:33:51","guid":{"rendered":"http:\/\/www.profilaktyka-pluca.pl\/?page_id=207"},"modified":"2022-09-09T13:58:02","modified_gmt":"2022-09-09T11:58:02","slug":"kontakt","status":"publish","type":"page","link":"http:\/\/www.profilaktyka-pluca.pl\/?page_id=207","title":{"rendered":"Kontakt"},"content":{"rendered":"<p><strong>Centrum Onkologii<\/strong><br \/><strong>im. Prof. F. \u0141ukaszczyka<\/strong><\/p>\n<p><span style=\"color: #0096ff;\">ul . dr Izabeli Romanowskiej 2<\/span><br \/><span style=\"color: #0096ff;\">85-796 <strong>Bydgoszcz<\/strong><\/span><\/p>\n<p><strong>Biuro bada\u0144 przesiewowych:<\/strong><br \/>mgr in\u017c. Tatiana Mielczarek<br \/><span id=\"cloaka5eba7d5441b167fc81a8f517b25a331\"><a href=\"mailto:pluca.bydgoszcz@co.bydgoszcz.pl\">pluca.bydgoszcz@co.bydgoszcz.pl<\/a><\/span><br \/>Tel. 52\u00a0374 39 20\u00a0 \u00a0 \u00a0 \u00a0 \u00a0 \u00a0 \u00a0 \u00a0 \u00a0 \u00a0 \u00a0 \u00a0 \u00a0 \u00a0 \u00a0 \u00a0 \u00a0 \u00a0 \u00a0 \u00a0 \u00a0 \u00a0 \u00a0 \u00a0 \u00a0 \u00a0 \u00a0 \u00a0 \u00a0 \u00a0 \u00a0 \u00a0 \u00a0 \u00a0<\/p>\n<p><strong><em>budynek <u>D<\/u> \u2013 gab. 129\u00a0 do 15:00 wej\u015bcie przez budynek C <\/em><\/strong>po 15:00 wej\u015bcie i wyj\u015bcie przez PARIS (przy basenie). <br \/>PLAN &#8211; <a href=\"https:\/\/co.bydgoszcz.pl\/kontakt\/#plan\" target=\"_blank\" rel=\"noopener noreferrer\">tutaj<\/a>.<\/p>\n<hr \/>\n<p><strong>Centrum Diagnostyczno &#8211; Lecznicze<\/strong><br \/><strong>we W\u0142oc\u0142awku<\/strong><\/p>\n<p><span style=\"color: #db2c27;\">ul . Kr\u00f3lewiecka 2a<\/span><br \/><span style=\"color: #db2c27;\">87-800 <strong>W\u0142oc\u0142awek<\/strong><\/span><br \/><strong>Biuro bada\u0144 przesiewowych:<\/strong><br \/>lic. <span style=\"white-space: pre-wrap;\">Paulina\u00a0Gabryszewska<\/span><\/p>\n<p><span id=\"cloak20710db277e5dedd49ebfe426a49aa28\"><a href=\"mailto:pluca.cdl@co.bydgoszcz.pl\">pluca.cdl@co.bydgoszcz.pl<\/a><\/span><br \/>Tel. 54\u00a0230 13 46<\/p>\n<p><input id=\"has-katalon-add-on\" type=\"hidden\" \/><\/p>\n\n\n<p><\/p>\n","protected":false},"excerpt":{"rendered":"<p>Centrum Onkologiiim. Prof. F. \u0141ukaszczyka ul . dr Izabeli Romanowskiej 285-796 Bydgoszcz Biuro bada\u0144 przesiewowych:mgr in\u017c. Tatiana Mielczarekpluca.bydgoszcz@co.bydgoszcz.plTel. 52\u00a0374 39 20\u00a0 \u00a0 [&hellip;]<\/p>\n","protected":false},"author":2,"featured_media":0,"parent":0,"menu_order":0,"comment_status":"closed","ping_status":"closed","template":"","meta":[],"_links":{"self":[{"href":"http:\/\/www.profilaktyka-pluca.pl\/index.php?rest_route=\/wp\/v2\/pages\/207"}],"collection":[{"href":"http:\/\/www.profilaktyka-pluca.pl\/index.php?rest_route=\/wp\/v2\/pages"}],"about":[{"href":"http:\/\/www.profilaktyka-pluca.pl\/index.php?rest_route=\/wp\/v2\/types\/page"}],"author":[{"embeddable":true,"href":"http:\/\/www.profilaktyka-pluca.pl\/index.php?rest_route=\/wp\/v2\/users\/2"}],"replies":[{"embeddable":true,"href":"http:\/\/www.profilaktyka-pluca.pl\/index.php?rest_route=%2Fwp%2Fv2%2Fcomments&post=207"}],"version-history":[{"count":18,"href":"http:\/\/www.profilaktyka-pluca.pl\/index.php?rest_route=\/wp\/v2\/pages\/207\/revisions"}],"predecessor-version":[{"id":402,"href":"http:\/\/www.profilaktyka-pluca.pl\/index.php?rest_route=\/wp\/v2\/pages\/207\/revisions\/402"}],"wp:attachment":[{"href":"http:\/\/www.profilaktyka-pluca.pl\/index.php?rest_route=%2Fwp%2Fv2%2Fmedia&parent=207"}],"curies":[{"name":"wp","href":"https:\/\/api.w.org\/{rel}","templated":true}]}}